{"id":8104,"date":"2025-02-15T20:46:19","date_gmt":"2025-02-15T19:46:19","guid":{"rendered":"https:\/\/beeleco.pl\/?post_type=product&#038;p=8104"},"modified":"2025-02-15T20:46:19","modified_gmt":"2025-02-15T19:46:19","slug":"dekoracja-stefan-w-wychodku","status":"publish","type":"product","link":"https:\/\/beeleco.pl\/?product=dekoracja-stefan-w-wychodku","title":{"rendered":"Dekoracja Stefan w wychodku"},"content":{"rendered":"","protected":false},"excerpt":{"rendered":"<p>Dekoracja r\u0119cznie wykonana z ma\u0142ych deseczek\u00a0 drewnianych<\/p>\n<p>na kszta\u0142t wychodka. W drzwiczkach otwieranych wyci\u0119te<\/p>\n<p>ma\u0142e serce, zamykanie na haczyk. Na dachu imitacja papy.<\/p>\n<p>Wewn\u0105trz wychodka ma\u0142y ko\u015bciotrup Stefan wykonany z<\/p>\n<p>tworzywa. Dodatkowo r\u0119cznie zrobione ma\u0142e papiery<\/p>\n<p>toaletowe, pojemnik na szczotk\u0119 w kszta\u0142cie czaszki i ksi\u0105\u017cka<\/p>\n<p>umilaj\u0105ca pobyt w wychodku ;).<\/p>\n<p>Dodatkowo wewn\u0105trz o\u015bwietlenie 2 ma\u0142e lampki led.<\/p>\n<p>W komplecie kabel z wyj\u015bciem usb 5 v, brak wtyczki.<\/p>\n<p>Wielko\u015b\u0107 11 cm x 8 cm x 9 cm.<\/p>\n<p>&nbsp;<\/p>\n","protected":false},"featured_media":8106,"comment_status":"open","ping_status":"closed","template":"","meta":{"site-sidebar-layout":"default","site-content-layout":"","ast-site-content-layout":"default","site-content-style":"default","site-sidebar-style":"default","ast-global-header-display":"","ast-banner-title-visibility":"","ast-main-header-display":"","ast-hfb-above-header-display":"","ast-hfb-below-header-display":"","ast-hfb-mobile-header-display":"","site-post-title":"","ast-breadcrumbs-content":"","ast-featured-img":"","footer-sml-layout":"","ast-disable-related-posts":"","theme-transparent-header-meta":"default","adv-header-id-meta":"","stick-header-meta":"","header-above-stick-meta":"","header-main-stick-meta":"","header-below-stick-meta":"","astra-migrate-meta-layouts":"set","ast-page-background-enabled":"default","ast-page-background-meta":{"desktop":{"background-color":"","background-image":"","background-repeat":"repeat","background-position":"center center","background-size":"auto","background-attachment":"scroll","background-type":"","background-media":"","overlay-type":"","overlay-color":"","overlay-opacity":"","overlay-gradient":""},"tablet":{"background-color":"","background-image":"","background-repeat":"repeat","background-position":"center center","background-size":"auto","background-attachment":"scroll","background-type":"","background-media":"","overlay-type":"","overlay-color":"","overlay-opacity":"","overlay-gradient":""},"mobile":{"background-color":"","background-image":"","background-repeat":"repeat","background-position":"center center","background-size":"auto","background-attachment":"scroll","background-type":"","background-media":"","overlay-type":"","overlay-color":"","overlay-opacity":"","overlay-gradient":""}},"ast-content-background-meta":{"desktop":{"background-color":"var(--ast-global-color-5)","background-image":"","background-repeat":"repeat","background-position":"center center","background-size":"auto","background-attachment":"scroll","background-type":"","background-media":"","overlay-type":"","overlay-color":"","overlay-opacity":"","overlay-gradient":""},"tablet":{"background-color":"var(--ast-global-color-5)","background-image":"","background-repeat":"repeat","background-position":"center center","background-size":"auto","background-attachment":"scroll","background-type":"","background-media":"","overlay-type":"","overlay-color":"","overlay-opacity":"","overlay-gradient":""},"mobile":{"background-color":"var(--ast-global-color-5)","background-image":"","background-repeat":"repeat","background-position":"center center","background-size":"auto","background-attachment":"scroll","background-type":"","background-media":"","overlay-type":"","overlay-color":"","overlay-opacity":"","overlay-gradient":""}}},"product_brand":[],"product_cat":[72],"product_tag":[531,533,532,274],"class_list":{"0":"post-8104","1":"product","2":"type-product","3":"status-publish","4":"has-post-thumbnail","6":"product_cat-dekoracje-do-domu","7":"product_tag-dekoracja-do-domu","8":"product_tag-dekoracja-drewniana","9":"product_tag-dekoracja-kosciotrup","10":"product_tag-kosciotrup","11":"desktop-align-left","12":"tablet-align-left","13":"mobile-align-left","15":"first","16":"instock","17":"shipping-taxable","18":"purchasable","19":"product-type-simple"},"jetpack_sharing_enabled":true,"_links":{"self":[{"href":"https:\/\/beeleco.pl\/index.php?rest_route=\/wp\/v2\/product\/8104","targetHints":{"allow":["GET"]}}],"collection":[{"href":"https:\/\/beeleco.pl\/index.php?rest_route=\/wp\/v2\/product"}],"about":[{"href":"https:\/\/beeleco.pl\/index.php?rest_route=\/wp\/v2\/types\/product"}],"replies":[{"embeddable":true,"href":"https:\/\/beeleco.pl\/index.php?rest_route=%2Fwp%2Fv2%2Fcomments&post=8104"}],"version-history":[{"count":3,"href":"https:\/\/beeleco.pl\/index.php?rest_route=\/wp\/v2\/product\/8104\/revisions"}],"predecessor-version":[{"id":8115,"href":"https:\/\/beeleco.pl\/index.php?rest_route=\/wp\/v2\/product\/8104\/revisions\/8115"}],"wp:featuredmedia":[{"embeddable":true,"href":"https:\/\/beeleco.pl\/index.php?rest_route=\/wp\/v2\/media\/8106"}],"wp:attachment":[{"href":"https:\/\/beeleco.pl\/index.php?rest_route=%2Fwp%2Fv2%2Fmedia&parent=8104"}],"wp:term":[{"taxonomy":"product_brand","embeddable":true,"href":"https:\/\/beeleco.pl\/index.php?rest_route=%2Fwp%2Fv2%2Fproduct_brand&post=8104"},{"taxonomy":"product_cat","embeddable":true,"href":"https:\/\/beeleco.pl\/index.php?rest_route=%2Fwp%2Fv2%2Fproduct_cat&post=8104"},{"taxonomy":"product_tag","embeddable":true,"href":"https:\/\/beeleco.pl\/index.php?rest_route=%2Fwp%2Fv2%2Fproduct_tag&post=8104"}],"curies":[{"name":"wp","href":"https:\/\/api.w.org\/{rel}","templated":true}]}}