{"id":6918,"date":"2024-07-11T00:41:35","date_gmt":"2024-07-10T22:41:35","guid":{"rendered":"https:\/\/beeleco.pl\/?post_type=product&#038;p=6918"},"modified":"2024-07-11T00:41:35","modified_gmt":"2024-07-10T22:41:35","slug":"pierscionek-z-mrowka","status":"publish","type":"product","link":"https:\/\/beeleco.pl\/?product=pierscionek-z-mrowka","title":{"rendered":"Pier\u015bcionek z mr\u00f3wk\u0105"},"content":{"rendered":"","protected":false},"excerpt":{"rendered":"<div class=\"woocommerce-product-details__short-description\">\n<p>Pier\u015bcionek r\u0119cznie wykonany w bazie ze stali chirurgicznej<\/p>\n<p>z zatopion\u0105 w \u017cywicy spreparowan\u0105 mr\u00f3wk\u0105.<\/p>\n<p>Ka\u017cdy pier\u015bcionek jest wyj\u0105tkowy i niepowtarzalny bo<\/p>\n<p>taka jest natura. \u015arednica pier\u015bcionka 1,6 cm,<\/p>\n<p>obw\u00f3d regulowany.<\/p>\n<\/div>\n","protected":false},"featured_media":6919,"comment_status":"open","ping_status":"closed","template":"","meta":{"site-sidebar-layout":"default","site-content-layout":"","ast-site-content-layout":"default","site-content-style":"default","site-sidebar-style":"default","ast-global-header-display":"","ast-banner-title-visibility":"","ast-main-header-display":"","ast-hfb-above-header-display":"","ast-hfb-below-header-display":"","ast-hfb-mobile-header-display":"","site-post-title":"","ast-breadcrumbs-content":"","ast-featured-img":"","footer-sml-layout":"","ast-disable-related-posts":"","theme-transparent-header-meta":"default","adv-header-id-meta":"","stick-header-meta":"","header-above-stick-meta":"","header-main-stick-meta":"","header-below-stick-meta":"","astra-migrate-meta-layouts":"set","ast-page-background-enabled":"default","ast-page-background-meta":{"desktop":{"background-color":"","background-image":"","background-repeat":"repeat","background-position":"center center","background-size":"auto","background-attachment":"scroll","background-type":"","background-media":"","overlay-type":"","overlay-color":"","overlay-opacity":"","overlay-gradient":""},"tablet":{"background-color":"","background-image":"","background-repeat":"repeat","background-position":"center center","background-size":"auto","background-attachment":"scroll","background-type":"","background-media":"","overlay-type":"","overlay-color":"","overlay-opacity":"","overlay-gradient":""},"mobile":{"background-color":"","background-image":"","background-repeat":"repeat","background-position":"center center","background-size":"auto","background-attachment":"scroll","background-type":"","background-media":"","overlay-type":"","overlay-color":"","overlay-opacity":"","overlay-gradient":""}},"ast-content-background-meta":{"desktop":{"background-color":"var(--ast-global-color-5)","background-image":"","background-repeat":"repeat","background-position":"center center","background-size":"auto","background-attachment":"scroll","background-type":"","background-media":"","overlay-type":"","overlay-color":"","overlay-opacity":"","overlay-gradient":""},"tablet":{"background-color":"var(--ast-global-color-5)","background-image":"","background-repeat":"repeat","background-position":"center center","background-size":"auto","background-attachment":"scroll","background-type":"","background-media":"","overlay-type":"","overlay-color":"","overlay-opacity":"","overlay-gradient":""},"mobile":{"background-color":"var(--ast-global-color-5)","background-image":"","background-repeat":"repeat","background-position":"center center","background-size":"auto","background-attachment":"scroll","background-type":"","background-media":"","overlay-type":"","overlay-color":"","overlay-opacity":"","overlay-gradient":""}}},"product_brand":[],"product_cat":[68],"product_tag":[411,358],"class_list":{"0":"post-6918","1":"product","2":"type-product","3":"status-publish","4":"has-post-thumbnail","6":"product_cat-pierscionki-bizuteria-z-owadami","7":"product_tag-pierscionak-z-mrowka","8":"product_tag-pierscionek-z-zywicy","9":"desktop-align-left","10":"tablet-align-left","11":"mobile-align-left","13":"first","14":"instock","15":"shipping-taxable","16":"purchasable","17":"product-type-simple"},"jetpack_sharing_enabled":true,"_links":{"self":[{"href":"https:\/\/beeleco.pl\/index.php?rest_route=\/wp\/v2\/product\/6918","targetHints":{"allow":["GET"]}}],"collection":[{"href":"https:\/\/beeleco.pl\/index.php?rest_route=\/wp\/v2\/product"}],"about":[{"href":"https:\/\/beeleco.pl\/index.php?rest_route=\/wp\/v2\/types\/product"}],"replies":[{"embeddable":true,"href":"https:\/\/beeleco.pl\/index.php?rest_route=%2Fwp%2Fv2%2Fcomments&post=6918"}],"version-history":[{"count":3,"href":"https:\/\/beeleco.pl\/index.php?rest_route=\/wp\/v2\/product\/6918\/revisions"}],"predecessor-version":[{"id":6923,"href":"https:\/\/beeleco.pl\/index.php?rest_route=\/wp\/v2\/product\/6918\/revisions\/6923"}],"wp:featuredmedia":[{"embeddable":true,"href":"https:\/\/beeleco.pl\/index.php?rest_route=\/wp\/v2\/media\/6919"}],"wp:attachment":[{"href":"https:\/\/beeleco.pl\/index.php?rest_route=%2Fwp%2Fv2%2Fmedia&parent=6918"}],"wp:term":[{"taxonomy":"product_brand","embeddable":true,"href":"https:\/\/beeleco.pl\/index.php?rest_route=%2Fwp%2Fv2%2Fproduct_brand&post=6918"},{"taxonomy":"product_cat","embeddable":true,"href":"https:\/\/beeleco.pl\/index.php?rest_route=%2Fwp%2Fv2%2Fproduct_cat&post=6918"},{"taxonomy":"product_tag","embeddable":true,"href":"https:\/\/beeleco.pl\/index.php?rest_route=%2Fwp%2Fv2%2Fproduct_tag&post=6918"}],"curies":[{"name":"wp","href":"https:\/\/api.w.org\/{rel}","templated":true}]}}