{"id":5848,"date":"2024-05-23T20:36:13","date_gmt":"2024-05-23T18:36:13","guid":{"rendered":"https:\/\/beeleco.com.pl\/?post_type=product&#038;p=5848"},"modified":"2024-05-23T20:36:14","modified_gmt":"2024-05-23T18:36:14","slug":"bransoletka-szalony-kot","status":"publish","type":"product","link":"https:\/\/beeleco.pl\/?product=bransoletka-szalony-kot","title":{"rendered":"Bransoletka szalony kot"},"content":{"rendered":"","protected":false},"excerpt":{"rendered":"<div class=\"woocommerce-product-details__short-description\">\n<div class=\"woocommerce-product-details__short-description\">\n<p>Bransoletka r\u0119cznie wykonana w bazie ze stali<\/p>\n<p>chirurgicznej. Wewn\u0105trz malowany r\u0119cznie<\/p>\n<p>kot, zalany \u017cywic\u0105.Wielko\u015b\u0107 bazy 2 cm,<\/p>\n<p>wyko\u0144czenie makramowe ze sznurka woskowanego<\/p>\n<p>czarnego. Obw\u00f3d 16 cm, z lekk\u0105 regulacj\u0105.<\/p>\n<p>Na \u017cyczenie klienta mo\u017cliwo\u015b\u0107 dopasowania.<\/p>\n<\/div>\n<\/div>\n","protected":false},"featured_media":5849,"comment_status":"open","ping_status":"closed","template":"","meta":{"site-sidebar-layout":"default","site-content-layout":"","ast-site-content-layout":"default","site-content-style":"default","site-sidebar-style":"default","ast-global-header-display":"","ast-banner-title-visibility":"","ast-main-header-display":"","ast-hfb-above-header-display":"","ast-hfb-below-header-display":"","ast-hfb-mobile-header-display":"","site-post-title":"","ast-breadcrumbs-content":"","ast-featured-img":"","footer-sml-layout":"","ast-disable-related-posts":"","theme-transparent-header-meta":"default","adv-header-id-meta":"","stick-header-meta":"","header-above-stick-meta":"","header-main-stick-meta":"","header-below-stick-meta":"","astra-migrate-meta-layouts":"set","ast-page-background-enabled":"default","ast-page-background-meta":{"desktop":{"background-color":"","background-image":"","background-repeat":"repeat","background-position":"center center","background-size":"auto","background-attachment":"scroll","background-type":"","background-media":"","overlay-type":"","overlay-color":"","overlay-opacity":"","overlay-gradient":""},"tablet":{"background-color":"","background-image":"","background-repeat":"repeat","background-position":"center center","background-size":"auto","background-attachment":"scroll","background-type":"","background-media":"","overlay-type":"","overlay-color":"","overlay-opacity":"","overlay-gradient":""},"mobile":{"background-color":"","background-image":"","background-repeat":"repeat","background-position":"center center","background-size":"auto","background-attachment":"scroll","background-type":"","background-media":"","overlay-type":"","overlay-color":"","overlay-opacity":"","overlay-gradient":""}},"ast-content-background-meta":{"desktop":{"background-color":"var(--ast-global-color-5)","background-image":"","background-repeat":"repeat","background-position":"center center","background-size":"auto","background-attachment":"scroll","background-type":"","background-media":"","overlay-type":"","overlay-color":"","overlay-opacity":"","overlay-gradient":""},"tablet":{"background-color":"var(--ast-global-color-5)","background-image":"","background-repeat":"repeat","background-position":"center center","background-size":"auto","background-attachment":"scroll","background-type":"","background-media":"","overlay-type":"","overlay-color":"","overlay-opacity":"","overlay-gradient":""},"mobile":{"background-color":"var(--ast-global-color-5)","background-image":"","background-repeat":"repeat","background-position":"center center","background-size":"auto","background-attachment":"scroll","background-type":"","background-media":"","overlay-type":"","overlay-color":"","overlay-opacity":"","overlay-gradient":""}}},"product_brand":[],"product_cat":[15],"product_tag":[123,244,112],"class_list":{"0":"post-5848","1":"product","2":"type-product","3":"status-publish","4":"has-post-thumbnail","6":"product_cat-bez-kategorii","7":"product_tag-bransoletka","8":"product_tag-stal","9":"product_tag-zywica","10":"desktop-align-left","11":"tablet-align-left","12":"mobile-align-left","14":"first","15":"instock","16":"shipping-taxable","17":"purchasable","18":"product-type-simple"},"jetpack_sharing_enabled":true,"_links":{"self":[{"href":"https:\/\/beeleco.pl\/index.php?rest_route=\/wp\/v2\/product\/5848","targetHints":{"allow":["GET"]}}],"collection":[{"href":"https:\/\/beeleco.pl\/index.php?rest_route=\/wp\/v2\/product"}],"about":[{"href":"https:\/\/beeleco.pl\/index.php?rest_route=\/wp\/v2\/types\/product"}],"replies":[{"embeddable":true,"href":"https:\/\/beeleco.pl\/index.php?rest_route=%2Fwp%2Fv2%2Fcomments&post=5848"}],"version-history":[{"count":1,"href":"https:\/\/beeleco.pl\/index.php?rest_route=\/wp\/v2\/product\/5848\/revisions"}],"predecessor-version":[{"id":5851,"href":"https:\/\/beeleco.pl\/index.php?rest_route=\/wp\/v2\/product\/5848\/revisions\/5851"}],"wp:featuredmedia":[{"embeddable":true,"href":"https:\/\/beeleco.pl\/index.php?rest_route=\/wp\/v2\/media\/5849"}],"wp:attachment":[{"href":"https:\/\/beeleco.pl\/index.php?rest_route=%2Fwp%2Fv2%2Fmedia&parent=5848"}],"wp:term":[{"taxonomy":"product_brand","embeddable":true,"href":"https:\/\/beeleco.pl\/index.php?rest_route=%2Fwp%2Fv2%2Fproduct_brand&post=5848"},{"taxonomy":"product_cat","embeddable":true,"href":"https:\/\/beeleco.pl\/index.php?rest_route=%2Fwp%2Fv2%2Fproduct_cat&post=5848"},{"taxonomy":"product_tag","embeddable":true,"href":"https:\/\/beeleco.pl\/index.php?rest_route=%2Fwp%2Fv2%2Fproduct_tag&post=5848"}],"curies":[{"name":"wp","href":"https:\/\/api.w.org\/{rel}","templated":true}]}}