{"id":4485,"date":"2024-03-06T19:45:19","date_gmt":"2024-03-06T18:45:19","guid":{"rendered":"http:\/\/serwer212912.lh.pl\/autoinstalator\/serwer212912.lh.pl\/wordpress27246\/?post_type=product&#038;p=4485"},"modified":"2025-11-17T08:29:12","modified_gmt":"2025-11-17T07:29:12","slug":"wisior-oko-male","status":"publish","type":"product","link":"https:\/\/beeleco.pl\/?product=wisior-oko-male","title":{"rendered":"Wisior oko ma\u0142e"},"content":{"rendered":"","protected":false},"excerpt":{"rendered":"<p>Wisior r\u0119cznie wykonany z oka lalki.<\/p>\n<p>oprawionego miedzi\u0105,lutowanego cyn\u0105 ekologiczn\u0105<\/p>\n<p>i patynowanego na kolor oksydowany. W zale\u017cno\u015bci<\/p>\n<p>od po\u0142o\u017cenia oko mruga. D\u0142ugo\u015b\u0107 wisiora 2.5 cm,<\/p>\n<p>zawieszona na \u0142a\u0144cuszku antyalergicznym 50 cm.<\/p>\n","protected":false},"featured_media":9770,"comment_status":"open","ping_status":"closed","template":"","meta":{"site-sidebar-layout":"default","site-content-layout":"","ast-site-content-layout":"default","site-content-style":"default","site-sidebar-style":"default","ast-global-header-display":"","ast-banner-title-visibility":"","ast-main-header-display":"","ast-hfb-above-header-display":"","ast-hfb-below-header-display":"","ast-hfb-mobile-header-display":"","site-post-title":"","ast-breadcrumbs-content":"","ast-featured-img":"","footer-sml-layout":"","ast-disable-related-posts":"","theme-transparent-header-meta":"default","adv-header-id-meta":"","stick-header-meta":"","header-above-stick-meta":"","header-main-stick-meta":"","header-below-stick-meta":"","astra-migrate-meta-layouts":"set","ast-page-background-enabled":"default","ast-page-background-meta":{"desktop":{"background-color":"","background-image":"","background-repeat":"repeat","background-position":"center center","background-size":"auto","background-attachment":"scroll","background-type":"","background-media":"","overlay-type":"","overlay-color":"","overlay-opacity":"","overlay-gradient":""},"tablet":{"background-color":"","background-image":"","background-repeat":"repeat","background-position":"center center","background-size":"auto","background-attachment":"scroll","background-type":"","background-media":"","overlay-type":"","overlay-color":"","overlay-opacity":"","overlay-gradient":""},"mobile":{"background-color":"","background-image":"","background-repeat":"repeat","background-position":"center center","background-size":"auto","background-attachment":"scroll","background-type":"","background-media":"","overlay-type":"","overlay-color":"","overlay-opacity":"","overlay-gradient":""}},"ast-content-background-meta":{"desktop":{"background-color":"var(--ast-global-color-5)","background-image":"","background-repeat":"repeat","background-position":"center center","background-size":"auto","background-attachment":"scroll","background-type":"","background-media":"","overlay-type":"","overlay-color":"","overlay-opacity":"","overlay-gradient":""},"tablet":{"background-color":"var(--ast-global-color-5)","background-image":"","background-repeat":"repeat","background-position":"center center","background-size":"auto","background-attachment":"scroll","background-type":"","background-media":"","overlay-type":"","overlay-color":"","overlay-opacity":"","overlay-gradient":""},"mobile":{"background-color":"var(--ast-global-color-5)","background-image":"","background-repeat":"repeat","background-position":"center center","background-size":"auto","background-attachment":"scroll","background-type":"","background-media":"","overlay-type":"","overlay-color":"","overlay-opacity":"","overlay-gradient":""}}},"product_brand":[],"product_cat":[49],"product_tag":[286,119,301,111],"class_list":{"0":"post-4485","1":"product","2":"type-product","3":"status-publish","4":"has-post-thumbnail","6":"product_cat-wisiorki-i-naszyjniki-gothic","7":"product_tag-gothic","8":"product_tag-miedz","9":"product_tag-okolalki","10":"product_tag-wisior","11":"desktop-align-left","12":"tablet-align-left","13":"mobile-align-left","15":"first","16":"instock","17":"shipping-taxable","18":"purchasable","19":"product-type-simple"},"jetpack_sharing_enabled":true,"_links":{"self":[{"href":"https:\/\/beeleco.pl\/index.php?rest_route=\/wp\/v2\/product\/4485","targetHints":{"allow":["GET"]}}],"collection":[{"href":"https:\/\/beeleco.pl\/index.php?rest_route=\/wp\/v2\/product"}],"about":[{"href":"https:\/\/beeleco.pl\/index.php?rest_route=\/wp\/v2\/types\/product"}],"replies":[{"embeddable":true,"href":"https:\/\/beeleco.pl\/index.php?rest_route=%2Fwp%2Fv2%2Fcomments&post=4485"}],"version-history":[{"count":1,"href":"https:\/\/beeleco.pl\/index.php?rest_route=\/wp\/v2\/product\/4485\/revisions"}],"predecessor-version":[{"id":5306,"href":"https:\/\/beeleco.pl\/index.php?rest_route=\/wp\/v2\/product\/4485\/revisions\/5306"}],"wp:featuredmedia":[{"embeddable":true,"href":"https:\/\/beeleco.pl\/index.php?rest_route=\/wp\/v2\/media\/9770"}],"wp:attachment":[{"href":"https:\/\/beeleco.pl\/index.php?rest_route=%2Fwp%2Fv2%2Fmedia&parent=4485"}],"wp:term":[{"taxonomy":"product_brand","embeddable":true,"href":"https:\/\/beeleco.pl\/index.php?rest_route=%2Fwp%2Fv2%2Fproduct_brand&post=4485"},{"taxonomy":"product_cat","embeddable":true,"href":"https:\/\/beeleco.pl\/index.php?rest_route=%2Fwp%2Fv2%2Fproduct_cat&post=4485"},{"taxonomy":"product_tag","embeddable":true,"href":"https:\/\/beeleco.pl\/index.php?rest_route=%2Fwp%2Fv2%2Fproduct_tag&post=4485"}],"curies":[{"name":"wp","href":"https:\/\/api.w.org\/{rel}","templated":true}]}}