{"id":3742,"date":"2024-02-25T21:22:30","date_gmt":"2024-02-25T20:22:30","guid":{"rendered":"http:\/\/serwer212912.lh.pl\/autoinstalator\/serwer212912.lh.pl\/wordpress27246\/?post_type=product&#038;p=3742"},"modified":"2025-03-03T18:11:29","modified_gmt":"2025-03-03T17:11:29","slug":"wisior-serce-z-roza-2","status":"publish","type":"product","link":"https:\/\/beeleco.pl\/?product=wisior-serce-z-roza-2","title":{"rendered":"Wisior serce z r\u00f3\u017c\u0105"},"content":{"rendered":"","protected":false},"excerpt":{"rendered":"<p>Wisior r\u0119cznie wykonany z \u017cywicy z zatopionym p\u0105kiem r\u00f3\u017cy.<\/p>\n<p>Wisior w kszta\u0142cie serca, wyko\u0144czony ma\u0142\u0105 krawatka w<\/p>\n<p>kolorze srebrnym. Ka\u017cdy wisior jest wyj\u0105tkowy i niepowtarzalny<\/p>\n<p>bo taka jest natura. Wielko\u015b\u0107 wisiora 25 mm, zawieszony na<\/p>\n<p>\u0142a\u0144cuszku antyalergicznym 50 cm. Na \u017cyczenie klienta<\/p>\n<p>mo\u017cliwo\u015b\u0107 dopasowania d\u0142ugo\u015bci \u0142a\u0144cuszka.<\/p>\n","protected":false},"featured_media":8284,"comment_status":"open","ping_status":"closed","template":"","meta":{"site-sidebar-layout":"default","site-content-layout":"","ast-site-content-layout":"default","site-content-style":"default","site-sidebar-style":"default","ast-global-header-display":"","ast-banner-title-visibility":"","ast-main-header-display":"","ast-hfb-above-header-display":"","ast-hfb-below-header-display":"","ast-hfb-mobile-header-display":"","site-post-title":"","ast-breadcrumbs-content":"","ast-featured-img":"","footer-sml-layout":"","ast-disable-related-posts":"","theme-transparent-header-meta":"default","adv-header-id-meta":"","stick-header-meta":"","header-above-stick-meta":"","header-main-stick-meta":"","header-below-stick-meta":"","astra-migrate-meta-layouts":"set","ast-page-background-enabled":"default","ast-page-background-meta":{"desktop":{"background-color":"","background-image":"","background-repeat":"repeat","background-position":"center center","background-size":"auto","background-attachment":"scroll","background-type":"","background-media":"","overlay-type":"","overlay-color":"","overlay-opacity":"","overlay-gradient":""},"tablet":{"background-color":"","background-image":"","background-repeat":"repeat","background-position":"center center","background-size":"auto","background-attachment":"scroll","background-type":"","background-media":"","overlay-type":"","overlay-color":"","overlay-opacity":"","overlay-gradient":""},"mobile":{"background-color":"","background-image":"","background-repeat":"repeat","background-position":"center center","background-size":"auto","background-attachment":"scroll","background-type":"","background-media":"","overlay-type":"","overlay-color":"","overlay-opacity":"","overlay-gradient":""}},"ast-content-background-meta":{"desktop":{"background-color":"var(--ast-global-color-5)","background-image":"","background-repeat":"repeat","background-position":"center center","background-size":"auto","background-attachment":"scroll","background-type":"","background-media":"","overlay-type":"","overlay-color":"","overlay-opacity":"","overlay-gradient":""},"tablet":{"background-color":"var(--ast-global-color-5)","background-image":"","background-repeat":"repeat","background-position":"center center","background-size":"auto","background-attachment":"scroll","background-type":"","background-media":"","overlay-type":"","overlay-color":"","overlay-opacity":"","overlay-gradient":""},"mobile":{"background-color":"var(--ast-global-color-5)","background-image":"","background-repeat":"repeat","background-position":"center center","background-size":"auto","background-attachment":"scroll","background-type":"","background-media":"","overlay-type":"","overlay-color":"","overlay-opacity":"","overlay-gradient":""}}},"product_brand":[],"product_cat":[42],"product_tag":[215,149,111,112],"class_list":{"0":"post-3742","1":"product","2":"type-product","3":"status-publish","4":"has-post-thumbnail","6":"product_cat-wisiory-zywica","7":"product_tag-roza","8":"product_tag-serce","9":"product_tag-wisior","10":"product_tag-zywica","11":"desktop-align-left","12":"tablet-align-left","13":"mobile-align-left","15":"first","16":"instock","17":"shipping-taxable","18":"purchasable","19":"product-type-simple"},"jetpack_sharing_enabled":true,"_links":{"self":[{"href":"https:\/\/beeleco.pl\/index.php?rest_route=\/wp\/v2\/product\/3742","targetHints":{"allow":["GET"]}}],"collection":[{"href":"https:\/\/beeleco.pl\/index.php?rest_route=\/wp\/v2\/product"}],"about":[{"href":"https:\/\/beeleco.pl\/index.php?rest_route=\/wp\/v2\/types\/product"}],"replies":[{"embeddable":true,"href":"https:\/\/beeleco.pl\/index.php?rest_route=%2Fwp%2Fv2%2Fcomments&post=3742"}],"version-history":[{"count":3,"href":"https:\/\/beeleco.pl\/index.php?rest_route=\/wp\/v2\/product\/3742\/revisions"}],"predecessor-version":[{"id":8287,"href":"https:\/\/beeleco.pl\/index.php?rest_route=\/wp\/v2\/product\/3742\/revisions\/8287"}],"wp:featuredmedia":[{"embeddable":true,"href":"https:\/\/beeleco.pl\/index.php?rest_route=\/wp\/v2\/media\/8284"}],"wp:attachment":[{"href":"https:\/\/beeleco.pl\/index.php?rest_route=%2Fwp%2Fv2%2Fmedia&parent=3742"}],"wp:term":[{"taxonomy":"product_brand","embeddable":true,"href":"https:\/\/beeleco.pl\/index.php?rest_route=%2Fwp%2Fv2%2Fproduct_brand&post=3742"},{"taxonomy":"product_cat","embeddable":true,"href":"https:\/\/beeleco.pl\/index.php?rest_route=%2Fwp%2Fv2%2Fproduct_cat&post=3742"},{"taxonomy":"product_tag","embeddable":true,"href":"https:\/\/beeleco.pl\/index.php?rest_route=%2Fwp%2Fv2%2Fproduct_tag&post=3742"}],"curies":[{"name":"wp","href":"https:\/\/api.w.org\/{rel}","templated":true}]}}