{"id":3182,"date":"2024-02-09T19:16:00","date_gmt":"2024-02-09T18:16:00","guid":{"rendered":"http:\/\/serwer212912.lh.pl\/autoinstalator\/serwer212912.lh.pl\/wordpress27246\/?post_type=product&#038;p=3182"},"modified":"2024-05-18T12:59:17","modified_gmt":"2024-05-18T10:59:17","slug":"kolczyki-wkretki-donaty-4","status":"publish","type":"product","link":"https:\/\/beeleco.pl\/?product=kolczyki-wkretki-donaty-4","title":{"rendered":"Kolczyki wkr\u0119tki donaty"},"content":{"rendered":"","protected":false},"excerpt":{"rendered":"<p>Kolczyki r\u0119cznie wykonane z masy<\/p>\n<p>termoutwardzalnej\u00a0 w kszta\u0142cie ma\u0142ych s\u0142odkich<\/p>\n<p>p\u0105czk\u00f3w donat\u00f3w.<\/p>\n<p>Ka\u017cda para jest wyj\u0105tkowa i niepowtarzalna<\/p>\n<p>bo r\u0119cznie lepiona.<\/p>\n<p>\u015arednica kolczyk\u00f3w 10 mm, sztyfty antyalergiczne<\/p>\n","protected":false},"featured_media":3183,"comment_status":"open","ping_status":"closed","template":"","meta":{"site-sidebar-layout":"default","site-content-layout":"","ast-site-content-layout":"default","site-content-style":"default","site-sidebar-style":"default","ast-global-header-display":"","ast-banner-title-visibility":"","ast-main-header-display":"","ast-hfb-above-header-display":"","ast-hfb-below-header-display":"","ast-hfb-mobile-header-display":"","site-post-title":"","ast-breadcrumbs-content":"","ast-featured-img":"","footer-sml-layout":"","ast-disable-related-posts":"","theme-transparent-header-meta":"default","adv-header-id-meta":"","stick-header-meta":"","header-above-stick-meta":"","header-main-stick-meta":"","header-below-stick-meta":"","astra-migrate-meta-layouts":"set","ast-page-background-enabled":"default","ast-page-background-meta":{"desktop":{"background-color":"","background-image":"","background-repeat":"repeat","background-position":"center center","background-size":"auto","background-attachment":"scroll","background-type":"","background-media":"","overlay-type":"","overlay-color":"","overlay-opacity":"","overlay-gradient":""},"tablet":{"background-color":"","background-image":"","background-repeat":"repeat","background-position":"center center","background-size":"auto","background-attachment":"scroll","background-type":"","background-media":"","overlay-type":"","overlay-color":"","overlay-opacity":"","overlay-gradient":""},"mobile":{"background-color":"","background-image":"","background-repeat":"repeat","background-position":"center center","background-size":"auto","background-attachment":"scroll","background-type":"","background-media":"","overlay-type":"","overlay-color":"","overlay-opacity":"","overlay-gradient":""}},"ast-content-background-meta":{"desktop":{"background-color":"var(--ast-global-color-5)","background-image":"","background-repeat":"repeat","background-position":"center center","background-size":"auto","background-attachment":"scroll","background-type":"","background-media":"","overlay-type":"","overlay-color":"","overlay-opacity":"","overlay-gradient":""},"tablet":{"background-color":"var(--ast-global-color-5)","background-image":"","background-repeat":"repeat","background-position":"center center","background-size":"auto","background-attachment":"scroll","background-type":"","background-media":"","overlay-type":"","overlay-color":"","overlay-opacity":"","overlay-gradient":""},"mobile":{"background-color":"var(--ast-global-color-5)","background-image":"","background-repeat":"repeat","background-position":"center center","background-size":"auto","background-attachment":"scroll","background-type":"","background-media":"","overlay-type":"","overlay-color":"","overlay-opacity":"","overlay-gradient":""}}},"product_brand":[],"product_cat":[105],"product_tag":[179,129],"class_list":{"0":"post-3182","1":"product","2":"type-product","3":"status-publish","4":"has-post-thumbnail","6":"product_cat-kolczyki-pozostale","7":"product_tag-donuts","8":"product_tag-kolczyki","9":"desktop-align-left","10":"tablet-align-left","11":"mobile-align-left","13":"first","14":"instock","15":"shipping-taxable","16":"purchasable","17":"product-type-simple"},"jetpack_sharing_enabled":true,"_links":{"self":[{"href":"https:\/\/beeleco.pl\/index.php?rest_route=\/wp\/v2\/product\/3182","targetHints":{"allow":["GET"]}}],"collection":[{"href":"https:\/\/beeleco.pl\/index.php?rest_route=\/wp\/v2\/product"}],"about":[{"href":"https:\/\/beeleco.pl\/index.php?rest_route=\/wp\/v2\/types\/product"}],"replies":[{"embeddable":true,"href":"https:\/\/beeleco.pl\/index.php?rest_route=%2Fwp%2Fv2%2Fcomments&post=3182"}],"version-history":[{"count":1,"href":"https:\/\/beeleco.pl\/index.php?rest_route=\/wp\/v2\/product\/3182\/revisions"}],"predecessor-version":[{"id":5636,"href":"https:\/\/beeleco.pl\/index.php?rest_route=\/wp\/v2\/product\/3182\/revisions\/5636"}],"wp:featuredmedia":[{"embeddable":true,"href":"https:\/\/beeleco.pl\/index.php?rest_route=\/wp\/v2\/media\/3183"}],"wp:attachment":[{"href":"https:\/\/beeleco.pl\/index.php?rest_route=%2Fwp%2Fv2%2Fmedia&parent=3182"}],"wp:term":[{"taxonomy":"product_brand","embeddable":true,"href":"https:\/\/beeleco.pl\/index.php?rest_route=%2Fwp%2Fv2%2Fproduct_brand&post=3182"},{"taxonomy":"product_cat","embeddable":true,"href":"https:\/\/beeleco.pl\/index.php?rest_route=%2Fwp%2Fv2%2Fproduct_cat&post=3182"},{"taxonomy":"product_tag","embeddable":true,"href":"https:\/\/beeleco.pl\/index.php?rest_route=%2Fwp%2Fv2%2Fproduct_tag&post=3182"}],"curies":[{"name":"wp","href":"https:\/\/api.w.org\/{rel}","templated":true}]}}