{"id":1146,"date":"2023-08-30T21:15:30","date_gmt":"2023-08-30T19:15:30","guid":{"rendered":"http:\/\/serwer212912.lh.pl\/autoinstalator\/serwer212912.lh.pl\/wordpress27246\/?page_id=1146"},"modified":"2024-04-05T22:08:59","modified_gmt":"2024-04-05T20:08:59","slug":"regulamin","status":"publish","type":"page","link":"https:\/\/beeleco.pl\/?page_id=1146","title":{"rendered":"Regulamin"},"content":{"rendered":"\t\t<div data-elementor-type=\"wp-page\" data-elementor-id=\"1146\" class=\"elementor elementor-1146\">\n\t\t\t\t\t\t<section class=\"elementor-section elementor-top-section elementor-element elementor-element-ebd152f elementor-section-boxed elementor-section-height-default elementor-section-height-default\" data-id=\"ebd152f\" data-element_type=\"section\" data-e-type=\"section\">\n\t\t\t\t\t\t<div class=\"elementor-container elementor-column-gap-default\">\n\t\t\t\t\t<div class=\"elementor-column elementor-col-100 elementor-top-column elementor-element elementor-element-a522786\" data-id=\"a522786\" data-element_type=\"column\" data-e-type=\"column\">\n\t\t\t<div class=\"elementor-widget-wrap elementor-element-populated\">\n\t\t\t\t\t\t<div class=\"elementor-element elementor-element-a29146d elementor-widget elementor-widget-text-editor\" data-id=\"a29146d\" data-element_type=\"widget\" data-e-type=\"widget\" data-widget_type=\"text-editor.default\">\n\t\t\t\t<div class=\"elementor-widget-container\">\n\t\t\t\t\t\t\t\t\t<p>Sklep Internetowy &#8222;Beeleco&#8221; dzia\u0142aj\u0105cy pod adresem\u00a0<a href=\"https:\/\/word-edit.officeapps.live.com\/we\/www.beeleco.pl\">www.beeleco.pl<\/a>, prowadzony jest przez\u00a0<\/p><p>Waldemara Chorabika z siedzib\u0105 w Krakowie<\/p><ol><li>Floria\u0144ska 53 &#8221;\u00a0<\/li><\/ol><p>NIP 9441241631, REGON 122493583<\/p><p>\u00a0<\/p><ol><li>Sklep Internetowy prowadzi sprzeda\u017c produkt\u00f3w za po\u015brednictwem sieci Internet.<\/li><\/ol><p>\u00a0<\/p><p>1.2. Zam\u00f3wienia s\u0105 przyjmowane za po\u015brednictwem sieci Internet. W celu z\u0142o\u017cenia zam\u00f3wienia nale\u017cy wype\u0142ni\u0107 formularz zam\u00f3wienia. Po z\u0142o\u017ceniu zam\u00f3wienia do Kupuj\u0105cego zostaje przes\u0142ana e-mailem wiadomo\u015b\u0107, \u017ce zam\u00f3wienie dotar\u0142o do sklepu.\u00a0<br \/>\u00a0\u00a0<br \/>3. Realizacja zam\u00f3wienia nast\u0119puje, gdy do sklepu dotrze od Kupuj\u0105cego e-mail z potwierdzeniem z\u0142o\u017conego zam\u00f3wienia.\u00a0<br \/>\u00a0\u00a0<br \/>4. Czas realizacji zam\u00f3wienia wynosi odpowiednio\u00a0 do 2 dni roboczych od dnia zarejestrowania wp\u0142ywu nale\u017cnej kwoty na konto sklepu z wyj\u0105tkiem przedmiot\u00f3w wykonywanych na zam\u00f3wienie przy kt\u00f3rych czas realizacji podawany jest bezpo\u015brednio przy danym produkcie b\u0105d\u017a ustalany z klientem.\u00a0\u00a0<br \/>\u00a0<br \/>5. Po skompletowaniu zam\u00f3wienia towar zostaje wys\u0142any do Kupuj\u0105cego. Przewidywany czas dostawy &#8211; 2 dni robocze.\u00a0<br \/>\u00a0\u00a0<br \/>6. Termin otrzymania przesy\u0142ki = czas realizacji + przewidywany czas dostawy.\u00a0<br \/>\u00a0\u00a0<br \/>7. W przypadku niedost\u0119pno\u015bci cz\u0119\u015bci towar\u00f3w obj\u0119tych zam\u00f3wieniem Kupuj\u0105cy jest o tym niezw\u0142ocznie informowany. Kupuj\u0105cy decyduje czy zam\u00f3wienie ma by\u0107\u00a0zrealizowane cz\u0119\u015bciowo czy w ca\u0142o\u015bci anulowane.\u00a0<br \/>\u00a0\u00a0<br \/>8. Do sprzeda\u017cy promocyjnej oraz wyprzeda\u017cy przeznaczona jest ograniczona liczba towar\u00f3w. Realizacja zam\u00f3wie\u0144 nast\u0119puje wed\u0142ug kolejno\u015bci wp\u0142ywania potwierdzonych\u00a0zam\u00f3wie\u0144, a\u017c do wyczerpania si\u0119 zapas\u00f3w obj\u0119tych tak\u0105 form\u0105 sprzeda\u017cy.\u00a0<br \/>\u00a0\u00a0<br \/>9. Wszystkie ceny podawane s\u0105 w z\u0142otych polskich . Cena podana przy ka\u017cdym towarze jest wi\u0105\u017c\u0105ca w chwili z\u0142o\u017cenia zam\u00f3wienia przez klienta. Sklep zastrzega sobie prawo do zmiany cen towar\u00f3w znajduj\u0105cych si\u0119 w ofercie, wprowadzania nowych towar\u00f3w do oferty sklepu internetowego, przeprowadzania i odwo\u0142ywania akcji promocyjnych na stronach sklepu b\u0105d\u017a wprowadzania w nich zmian.\u00a0<br \/>\u00a0\u00a0<br \/>10. Za zam\u00f3wione towary Kupuj\u0105cy mo\u017ce zap\u0142aci\u0107 wybieraj\u0105c jedn\u0105 z poni\u017cszych form p\u0142atno\u015bci:\u00a0<br \/>&#8211; przelewem bankowym na konto sklepu.\u00a0<br \/>\u00a0\u00a0<br \/>11. Zam\u00f3wiony towar wysy\u0142any jest na terenie Polski za po\u015brednictwem Poczty Polskiej.\u00a0Koszt dostawy jest zale\u017cny od wybranej metody wysy\u0142ki i\u00a0 definiowany przez Klienta w formularzu zam\u00f3wienia\u00a0<br \/>\u00a0\u00a0<br \/>12. W momencie potwierdzenia przez Kupuj\u0105cego wys\u0142anego przez niego zam\u00f3wienia dochodzi do zawarcia umowy pomi\u0119dzy SPRZEDAJ\u0104CYM a KUPUJ\u0104CYM.\u00a0Przedmiotem umowy jest towar wymieniony w zam\u00f3wieniu.\u00a0Prawa i obowi\u0105zki stron wynikaj\u0105ce z zawartej umowy uregulowane s\u0105 w Ustawie z dnia 23 kwietnia 1964r Kodeks Cywilny (Dz. U. z 1964r. nr 16, poz. 93 z p\u00f3\u017aniejszymi\u00a0zamianami) oraz w Ustawie z dnia 2 marca 2000r. o ochronie niekt\u00f3rych praw konsument\u00f3w oraz o odpowiedzialno\u015bci za szkod\u0119 wyrz\u0105dzon\u0105 przez produkt niebezpieczny (Dz. U. z 2000r., nr 22, poz. 271 z p\u00f3\u017aniejszymi zmianami).\u00a0<br \/>\u00a0\u00a0<br \/>13. Umowa sprzeda\u017cy towar\u00f3w zawierana jest zgodnie z prawem polskim i w j\u0119zyku polskim.\u00a0<br \/>\u00a0\u00a0<br \/>14. S\u0105dem w\u0142a\u015bciwym dla rozpatrywania spor\u00f3w wynikaj\u0105cych z umowy sprzeda\u017cy jest s\u0105d w\u0142a\u015bciwy dla siedziby pozwanego lub s\u0105d w\u0142a\u015bciwy dla miejsca wykonania\u00a0\u00a0<br \/>umowy.\u00a0<br \/>\u00a0\u00a0<br \/>15. Informujemy, \u017ce dane osobowe podane na formularzu zam\u00f3wienia w sklepie internetowym \u201eBeeleco\u201d, s\u0105 gromadzone i przetwarzane zgodnie z Ustaw\u0105 z dn. 29\u00a0sierpnia 1997r. o ochronie danych osobowych (Dz.U. z 2002 roku nr 101 poz. 926 z p\u00f3\u017aniejszymi zmianami). Zgromadzone dane osobowe s\u0105 wykorzystywane tylko i\u00a0wy\u0142\u0105cznie do cel\u00f3w realizacji z\u0142o\u017conych zam\u00f3wie\u0144 oraz informowania o promocjach i w \u017cadnym wypadku nie b\u0119d\u0105 udost\u0119pniane osobom trzecim. Ka\u017cdy klient naszego\u00a0sklepu ma prawo do wgl\u0105du, modyfikacji oraz usuni\u0119cia swoich danych osobowych z naszej bazy danych.\u00a0<br \/>\u00a0\u00a0<br \/>16. Zwrot towaru. Zgodnie z Ustaw\u0105 z 30 maja 2014 roku \u201eo ochronie niekt\u00f3rych praw konsument\u00f3w oraz o odpowiedzialno\u015bci za szkod\u0119 wyrz\u0105dzon\u0105 przez produkt\u00a0 niebezpieczny\u201d, klient mo\u017ce zrezygnowa\u0107 z towaru kupionego w naszym sklepie bez podania przyczyny w ci\u0105gu 14 dni od dnia odebrania przesy\u0142ki. Wz\u00f3r o\u015bwiadczenia o\u00a0 odst\u0105pieniu stanowi za\u0142\u0105cznik do niniejszego regulaminu. Jest to mo\u017cliwe tylko w\u00f3wczas, gdy towar nie nosi \u015blad\u00f3w u\u017cytkowania, jest kompletny i nie zosta\u0142 w \u017caden spos\u00f3b\u00a0 zniszczony.\u00a0Zwracany towar nale\u017cy odes\u0142a\u0107 . Sklep gwarantuje zwrot kwoty\u00a0r\u00f3wnej cenie towaru. Pieni\u0105dze zostan\u0105 zwr\u00f3cone w ci\u0105gu 5 dni roboczych przelewem bankowym na konto wskazane przez klienta lub przekazem pocztowym na adres wskazany w zam\u00f3wieniu. Koszt odes\u0142ania towaru nie podlega zwrotowi.\u00a0<\/p><p>\u00a0<\/p><ol start=\"17\"><li>Reklamacje. Je\u017celi po otrzymaniu towaru klient znajdzie w nim wady fizyczne powinien niezw\u0142ocznie powiadomi\u0107 nadawc\u0119 w celu podj\u0119cia dalszych dzia\u0142a\u0144 reklamacyjnych. Wszelkie reklamacje rozpatrywane s\u0105 w ci\u0105gu 5 dni roboczych od dnia ich wp\u0142yni\u0119cia. Towar uszkodzony zostanie wymieniony na nowy pe\u0142nowarto\u015bciowy,\u00a0a je\u015bli b\u0119dzie to ju\u017c niemo\u017cliwe (na przyk\u0142ad z powodu wyczerpania zapas\u00f3w), sklep zwr\u00f3ci nabywcy r\u00f3wnowarto\u015b\u0107 ceny towaru lub zaoferuje mu do wyboru inne dost\u0119pne\u00a0 w sklepie towary.<\/li><\/ol>\t\t\t\t\t\t\t\t<\/div>\n\t\t\t\t<\/div>\n\t\t\t\t\t<\/div>\n\t\t<\/div>\n\t\t\t\t\t<\/div>\n\t\t<\/section>\n\t\t\t\t<\/div>\n\t\t","protected":false},"excerpt":{"rendered":"<p>Sklep Internetowy &#8222;Beeleco&#8221; dzia\u0142aj\u0105cy pod adresem\u00a0www.beeleco.pl, prowadzony jest przez\u00a0 Waldemara Chorabika z siedzib\u0105 w Krakowie Floria\u0144ska 53 &#8221;\u00a0 NIP 9441241631, [&hellip;]<\/p>\n","protected":false},"author":1,"featured_media":0,"parent":0,"menu_order":0,"comment_status":"closed","ping_status":"closed","template":"","meta":{"site-sidebar-layout":"no-sidebar","site-content-layout":"page-builder","ast-site-content-layout":"full-width-container","site-content-style":"default","site-sidebar-style":"default","ast-global-header-display":"","ast-banner-title-visibility":"","ast-main-header-display":"","ast-hfb-above-header-display":"","ast-hfb-below-header-display":"","ast-hfb-mobile-header-display":"","site-post-title":"disabled","ast-breadcrumbs-content":"","ast-featured-img":"disabled","footer-sml-layout":"","ast-disable-related-posts":"","theme-transparent-header-meta":"","adv-header-id-meta":"","stick-header-meta":"","header-above-stick-meta":"","header-main-stick-meta":"","header-below-stick-meta":"","astra-migrate-meta-layouts":"default","ast-page-background-enabled":"default","ast-page-background-meta":{"desktop":{"background-color":"","background-image":"","background-repeat":"repeat","background-position":"center center","background-size":"auto","background-attachment":"scroll","background-type":"","background-media":"","overlay-type":"","overlay-color":"","overlay-opacity":"","overlay-gradient":""},"tablet":{"background-color":"","background-image":"","background-repeat":"repeat","background-position":"center center","background-size":"auto","background-attachment":"scroll","background-type":"","background-media":"","overlay-type":"","overlay-color":"","overlay-opacity":"","overlay-gradient":""},"mobile":{"background-color":"","background-image":"","background-repeat":"repeat","background-position":"center center","background-size":"auto","background-attachment":"scroll","background-type":"","background-media":"","overlay-type":"","overlay-color":"","overlay-opacity":"","overlay-gradient":""}},"ast-content-background-meta":{"desktop":{"background-color":"var(--ast-global-color-5)","background-image":"","background-repeat":"repeat","background-position":"center center","background-size":"auto","background-attachment":"scroll","background-type":"","background-media":"","overlay-type":"","overlay-color":"","overlay-opacity":"","overlay-gradient":""},"tablet":{"background-color":"var(--ast-global-color-5)","background-image":"","background-repeat":"repeat","background-position":"center center","background-size":"auto","background-attachment":"scroll","background-type":"","background-media":"","overlay-type":"","overlay-color":"","overlay-opacity":"","overlay-gradient":""},"mobile":{"background-color":"var(--ast-global-color-5)","background-image":"","background-repeat":"repeat","background-position":"center center","background-size":"auto","background-attachment":"scroll","background-type":"","background-media":"","overlay-type":"","overlay-color":"","overlay-opacity":"","overlay-gradient":""}},"footnotes":""},"class_list":["post-1146","page","type-page","status-publish","hentry"],"jetpack_sharing_enabled":true,"_links":{"self":[{"href":"https:\/\/beeleco.pl\/index.php?rest_route=\/wp\/v2\/pages\/1146","targetHints":{"allow":["GET"]}}],"collection":[{"href":"https:\/\/beeleco.pl\/index.php?rest_route=\/wp\/v2\/pages"}],"about":[{"href":"https:\/\/beeleco.pl\/index.php?rest_route=\/wp\/v2\/types\/page"}],"author":[{"embeddable":true,"href":"https:\/\/beeleco.pl\/index.php?rest_route=\/wp\/v2\/users\/1"}],"replies":[{"embeddable":true,"href":"https:\/\/beeleco.pl\/index.php?rest_route=%2Fwp%2Fv2%2Fcomments&post=1146"}],"version-history":[{"count":4,"href":"https:\/\/beeleco.pl\/index.php?rest_route=\/wp\/v2\/pages\/1146\/revisions"}],"predecessor-version":[{"id":4772,"href":"https:\/\/beeleco.pl\/index.php?rest_route=\/wp\/v2\/pages\/1146\/revisions\/4772"}],"wp:attachment":[{"href":"https:\/\/beeleco.pl\/index.php?rest_route=%2Fwp%2Fv2%2Fmedia&parent=1146"}],"curies":[{"name":"wp","href":"https:\/\/api.w.org\/{rel}","templated":true}]}}